{"id":7052,"date":"2021-03-04T03:26:02","date_gmt":"2021-03-04T02:26:02","guid":{"rendered":"https:\/\/www.newcomhorizons.com\/cookies\/"},"modified":"2021-03-04T03:26:02","modified_gmt":"2021-03-04T02:26:02","slug":"cookies","status":"publish","type":"page","link":"https:\/\/www.newcomhorizons.com\/en\/cookies\/","title":{"rendered":"Cookies"},"content":{"rendered":"<p>Newcom Horizons Consultores, S.L.U, informa a los usuarios de que puede utilizar dispositivos de almacenamiento y recuperaci\u00f3n de datos (de manera gen\u00e9rica, denominados \u201ccookies\u201d) cuando navegue por las webs pertenecientes a Newcom Horizons Consultores, S.L.U, (en adelante, Newcom Horizons).<\/p>\n<ol>\n<li><strong>\u00bfQu\u00e9 son las cookies?<\/strong><\/li>\n<\/ol>\n<p>Las cookies son ficheros que se descargan en su ordenador al acceder a determinadas p\u00e1ginas web, incluyendo las Webs de Newcom Horizons, y que almacenan la direcci\u00f3n IP de su ordenador y otros posibles datos de navegaci\u00f3n. Las cookies permiten a una p\u00e1gina web, entre otros aspectos, almacenar y recuperar informaci\u00f3n sobre los h\u00e1bitos de navegaci\u00f3n de un usuario o de su equipo, y pueden utilizarse para reconocer al usuario.<\/p>\n<p>Newcom Horizons, a trav\u00e9s de sus cookies no recoge datos personales alguno. Todas las cookies, salvo la utilizadas por el sistema de estad\u00edsticas Google Analytics son temporales y desaparecen al concluir la sesi\u00f3n.<\/p>\n<p><strong>\u00bfPOR QU\u00c9 SE INSTALAN ESTAS COOKIES?<\/strong><\/p>\n<p>La instalaci\u00f3n de estos peque\u00f1os programas mejora la experiencia del usuario a la hora de navegar por www.newcomhorizons.com, permite obtener informaci\u00f3n de los h\u00e1bitos del usuario, permite reconocer el sistema operativo, el navegador y el idioma del usuario, se consigue guardar informaci\u00f3n de carritos anteriormente guardados, acceso autom\u00e1tico a ofertas o concursos sin tener que registrarse cada vez que se accede a la tienda online www.newcomhorizons.com,, en definitiva hacen m\u00e1s f\u00e1cil la navegaci\u00f3n por el sitio web. Estos programas tambi\u00e9n son utilizados para medir la audiencia y par\u00e1metros del tr\u00e1fico, controlar el progreso y n\u00famero de entradas.<\/p>\n<ol>\n<li><strong>\u00bfQu\u00e9 tipo de cookies se utilizan en el Sitio Web y para qu\u00e9 finalidad?<\/strong><\/li>\n<\/ol>\n<p>Por una parte, Newcom Horizons utiliza cookies para las que no es necesario obtener el consentimiento de los usuarios, por estar excluidas del \u00e1mbito de aplicaci\u00f3n del art\u00edculo 22.2 de la Ley 34\/2002, de 11 de julio, de servicios de la sociedad de la informaci\u00f3n y de comercio electr\u00f3nico.<\/p>\n<p>Asimismo, las Webs de Newcom Horizons utilizan las siguientes cookies que requieren el consentimiento de los usuarios:<\/p>\n<table width=\"100%\">\n<thead>\n<tr>\n<td>\n<p><strong>Cookie Name<\/strong><\/p>\n<\/td>\n<td>\n<p><strong>First \/ Third party<\/strong><\/p>\n<\/td>\n<td>\n<p><strong>Functionality<\/strong><\/p>\n<\/td>\n<td>\n<p><strong>Description<\/strong><\/p>\n<\/td>\n<\/tr>\n<\/thead>\n<tbody>\n<tr>\n<td>\n<p>cookiepolicy<\/p>\n<\/td>\n<td>\n<p>1st<\/p>\n<\/td>\n<td>\n<p>Cookies funcionales<\/p>\n<\/td>\n<td>\n<p>Cuando el usuario acepta nuestras cookies, lo configuramos para no volver a preguntarle<\/p>\n<\/td>\n<\/tr>\n<tr>\n<td>\n<p>PHPSESSID<\/p>\n<\/td>\n<td>\n<p>1st<\/p>\n<\/td>\n<td>\n<p>Cookies estrictamente necesarias<\/p>\n<\/td>\n<td>\n<p>Esta cookie es usada por el lenguaje de encriptado ASP para permitir que las variables de SESI\u00d3N sean guardadas en el servidor web.<\/p>\n<\/td>\n<\/tr>\n<tr>\n<td>\n<p>_ga<\/p>\n<\/td>\n<td>\n<p>1st<\/p>\n<\/td>\n<td>\n<p>Cookies anal\u00edticas y de rendimiento<\/p>\n<\/td>\n<td>\n<p>Google Analytics\u00a0<sup>*<\/sup><\/p>\n<\/td>\n<\/tr>\n<tr>\n<td>\n<p>_gat<\/p>\n<\/td>\n<td>\n<p>1st<\/p>\n<\/td>\n<td>\n<p>Cookies anal\u00edticas y de rendimiento<\/p>\n<\/td>\n<td>\n<p>Google Analytics\u00a0<sup>*<\/sup><\/p>\n<\/td>\n<\/tr>\n<tr>\n<td>\n<p>_gid<\/p>\n<\/td>\n<td>\n<p>1st<\/p>\n<\/td>\n<td>\n<p>Cookies anal\u00edticas y de rendimiento<\/p>\n<\/td>\n<td>\n<p>Google Analytics\u00a0<sup>*<\/sup><\/p>\n<\/td>\n<\/tr>\n<tr>\n<td>\n<p>Cookies t\u00e9cnicas<\/p>\n<\/td>\n<td>\n<p>3rd<\/p>\n<\/td>\n<td>\n<p>Sirven para controlar el tr\u00e1fico y la comunicaci\u00f3n de datos utilizando para ello elementos de seguridad durante la navegaci\u00f3n.<\/p>\n<\/td>\n<td>\n<p><u>Facebook<\/u><\/p>\n<\/td>\n<\/tr>\n<\/tbody>\n<\/table>\n<p>&nbsp;<\/p>\n<p>(*) Google Analytics \u2013 estas cookies se utilizan para recabar informaci\u00f3n de forma an\u00f3nima acerca del uso que hacen los usuarios de la p\u00e1gina web. La informaci\u00f3n se utiliza para elaborar informes y ayudarnos a mejorar la p\u00e1gina web. Para obtener una perspectiva general de la pol\u00edtica de privacidad de Google, vaya a\u00a0<a href=\"http:\/\/www.google.com\/analytics\/learn\/privacy.html\">http:\/\/www.google.com\/analytics\/learn\/privacy.html<\/a><\/p>\n<p>&nbsp;<\/p>\n<ol>\n<li><strong>\u00bfC\u00f3mo se obtiene el consentimiento y c\u00f3mo se revoca y se eliminan las cookies?<\/strong><\/li>\n<\/ol>\n<p>El usuario podr\u00e1, en cualquier momento, elegir qu\u00e9 cookies quiere que funcionen en las Webs de Newcom Horizons.<\/p>\n<p>Al entrar en las Webs de Newcom Horizons recibir\u00e1 un aviso acerca del uso de cookies conforme a la presente Pol\u00edtica de Cookies, y de que si contin\u00faa navegando por ellas se entender\u00e1 que acepta dicho uso.<\/p>\n<p>No obstante, puede revocar el consentimiento otorgado para el uso de cookies en cualquier momento. Para ello, el usuario tiene la posibilidad de deshabilitar las cookies modificando la configuraci\u00f3n de su navegador. En los enlaces que se detallan a continuaci\u00f3n, el usuario encontrar\u00e1 m\u00e1s informaci\u00f3n sobre c\u00f3mo gestionar el uso de cookies y deshabilitarlas para revocar el consentimiento, dependiendo del navegador utilizado:<\/p>\n<p>Firefox:\u00a0<a href=\"https:\/\/support.mozilla.org\/es\/kb\/habilitar-y-deshabilitar-cookies-que-los-sitios-we\">https:\/\/support.mozilla.org\/es\/kb\/habilitar-y-deshabilitar-cookies-que-los-sitios-we<\/a><\/p>\n<p>Chrome:\u00a0<a href=\"http:\/\/support.google.com\/chrome\/bin\/answer.py?hl=es&amp;answer=95647\">http:\/\/support.google.com\/chrome\/bin\/answer.py?hl=es&amp;answer=95647<\/a><\/p>\n<p>Safari:\u00a0<a href=\"http:\/\/support.apple.com\/kb\/ht1677?viewlocale=es_ES%20o%20http:\/\/support.apple.com\/kb\/ph5042\">http:\/\/support.apple.com\/kb\/ht1677?viewlocale=es_ES o http:\/\/support.apple.com\/kb\/ph5042<\/a><\/p>\n<p>Explorer:\u00a0<a href=\"http:\/\/windows.microsoft.com\/es-es\/windows7\/how-to-manage-cookies-in-internet-explorer-9\">http:\/\/windows.microsoft.com\/es-es\/windows7\/how-to-manage-cookies-in-internet-explorer-9<\/a><\/p>\n<p>La aceptaci\u00f3n de la presente pol\u00edtica implica que el usuario ha sido informado de una forma clara y completa sobre el uso de dispositivos de almacenamiento y recuperaci\u00f3n de datos (cookies), as\u00ed como que Newcom Horizons dispone del consentimiento del usuario para el uso de estas tal y como establece el art.22 de la Ley 34\/2002, de 11 de julio, de Servicios de la Sociedad de la Informaci\u00f3n y Comercio Electr\u00f3nico (LSSI-CE).<\/p>\n","protected":false},"excerpt":{"rendered":"<p>Newcom Horizons Consultores, S.L.U, informa a los usuarios de que puede utilizar dispositivos de almacenamiento y recuperaci\u00f3n de datos (de manera gen\u00e9rica, denominados \u201ccookies\u201d) cuando navegue por las webs pertenecientes a Newcom Horizons Consultores, S.L.U, (en adelante, Newcom Horizons). \u00bfQu\u00e9 son las cookies? Las cookies&#8230;<\/p>\n","protected":false},"author":2,"featured_media":0,"parent":0,"menu_order":0,"comment_status":"closed","ping_status":"closed","template":"","meta":[],"yoast_head":"<!-- This site is optimized with the Yoast SEO plugin v18.6 - https:\/\/yoast.com\/wordpress\/plugins\/seo\/ -->\n<title>Cookies - NewCom Horizons<\/title>\n<meta name=\"robots\" content=\"index, follow, max-snippet:-1, max-image-preview:large, max-video-preview:-1\" \/>\n<link rel=\"canonical\" href=\"https:\/\/www.newcomhorizons.com\/en\/cookies\/\" \/>\n<meta property=\"og:locale\" content=\"en_US\" \/>\n<meta property=\"og:type\" content=\"article\" \/>\n<meta property=\"og:title\" content=\"Cookies - NewCom Horizons\" \/>\n<meta property=\"og:description\" content=\"Newcom Horizons Consultores, S.L.U, informa a los usuarios de que puede utilizar dispositivos de almacenamiento y recuperaci\u00f3n de datos (de manera gen\u00e9rica, denominados \u201ccookies\u201d) cuando navegue por las webs pertenecientes a Newcom Horizons Consultores, S.L.U, (en adelante, Newcom Horizons). \u00bfQu\u00e9 son las cookies? Las cookies...\" \/>\n<meta property=\"og:url\" content=\"https:\/\/www.newcomhorizons.com\/en\/cookies\/\" \/>\n<meta property=\"og:site_name\" content=\"NewCom Horizons\" \/>\n<meta name=\"twitter:card\" content=\"summary_large_image\" \/>\n<meta name=\"twitter:label1\" content=\"Est. reading time\" \/>\n\t<meta name=\"twitter:data1\" content=\"4 minutes\" \/>\n<script type=\"application\/ld+json\" class=\"yoast-schema-graph\">{\"@context\":\"https:\/\/schema.org\",\"@graph\":[{\"@type\":\"WebSite\",\"@id\":\"https:\/\/www.newcomhorizons.com\/#website\",\"url\":\"https:\/\/www.newcomhorizons.com\/\",\"name\":\"NewCom Horizons\",\"description\":\"Together We Go Further\",\"potentialAction\":[{\"@type\":\"SearchAction\",\"target\":{\"@type\":\"EntryPoint\",\"urlTemplate\":\"https:\/\/www.newcomhorizons.com\/?s={search_term_string}\"},\"query-input\":\"required name=search_term_string\"}],\"inLanguage\":\"en-US\"},{\"@type\":\"WebPage\",\"@id\":\"https:\/\/www.newcomhorizons.com\/en\/cookies\/#webpage\",\"url\":\"https:\/\/www.newcomhorizons.com\/en\/cookies\/\",\"name\":\"Cookies - NewCom Horizons\",\"isPartOf\":{\"@id\":\"https:\/\/www.newcomhorizons.com\/#website\"},\"datePublished\":\"2021-03-04T02:26:02+00:00\",\"dateModified\":\"2021-03-04T02:26:02+00:00\",\"breadcrumb\":{\"@id\":\"https:\/\/www.newcomhorizons.com\/en\/cookies\/#breadcrumb\"},\"inLanguage\":\"en-US\",\"potentialAction\":[{\"@type\":\"ReadAction\",\"target\":[\"https:\/\/www.newcomhorizons.com\/en\/cookies\/\"]}]},{\"@type\":\"BreadcrumbList\",\"@id\":\"https:\/\/www.newcomhorizons.com\/en\/cookies\/#breadcrumb\",\"itemListElement\":[{\"@type\":\"ListItem\",\"position\":1,\"name\":\"Portada\",\"item\":\"https:\/\/www.newcomhorizons.com\/en\/\"},{\"@type\":\"ListItem\",\"position\":2,\"name\":\"Cookies\"}]}]}<\/script>\n<!-- \/ Yoast SEO plugin. -->","yoast_head_json":{"title":"Cookies - NewCom Horizons","robots":{"index":"index","follow":"follow","max-snippet":"max-snippet:-1","max-image-preview":"max-image-preview:large","max-video-preview":"max-video-preview:-1"},"canonical":"https:\/\/www.newcomhorizons.com\/en\/cookies\/","og_locale":"en_US","og_type":"article","og_title":"Cookies - NewCom Horizons","og_description":"Newcom Horizons Consultores, S.L.U, informa a los usuarios de que puede utilizar dispositivos de almacenamiento y recuperaci\u00f3n de datos (de manera gen\u00e9rica, denominados \u201ccookies\u201d) cuando navegue por las webs pertenecientes a Newcom Horizons Consultores, S.L.U, (en adelante, Newcom Horizons). \u00bfQu\u00e9 son las cookies? Las cookies...","og_url":"https:\/\/www.newcomhorizons.com\/en\/cookies\/","og_site_name":"NewCom Horizons","twitter_card":"summary_large_image","twitter_misc":{"Est. reading time":"4 minutes"},"schema":{"@context":"https:\/\/schema.org","@graph":[{"@type":"WebSite","@id":"https:\/\/www.newcomhorizons.com\/#website","url":"https:\/\/www.newcomhorizons.com\/","name":"NewCom Horizons","description":"Together We Go Further","potentialAction":[{"@type":"SearchAction","target":{"@type":"EntryPoint","urlTemplate":"https:\/\/www.newcomhorizons.com\/?s={search_term_string}"},"query-input":"required name=search_term_string"}],"inLanguage":"en-US"},{"@type":"WebPage","@id":"https:\/\/www.newcomhorizons.com\/en\/cookies\/#webpage","url":"https:\/\/www.newcomhorizons.com\/en\/cookies\/","name":"Cookies - NewCom Horizons","isPartOf":{"@id":"https:\/\/www.newcomhorizons.com\/#website"},"datePublished":"2021-03-04T02:26:02+00:00","dateModified":"2021-03-04T02:26:02+00:00","breadcrumb":{"@id":"https:\/\/www.newcomhorizons.com\/en\/cookies\/#breadcrumb"},"inLanguage":"en-US","potentialAction":[{"@type":"ReadAction","target":["https:\/\/www.newcomhorizons.com\/en\/cookies\/"]}]},{"@type":"BreadcrumbList","@id":"https:\/\/www.newcomhorizons.com\/en\/cookies\/#breadcrumb","itemListElement":[{"@type":"ListItem","position":1,"name":"Portada","item":"https:\/\/www.newcomhorizons.com\/en\/"},{"@type":"ListItem","position":2,"name":"Cookies"}]}]}},"_links":{"self":[{"href":"https:\/\/www.newcomhorizons.com\/en\/wp-json\/wp\/v2\/pages\/7052"}],"collection":[{"href":"https:\/\/www.newcomhorizons.com\/en\/wp-json\/wp\/v2\/pages"}],"about":[{"href":"https:\/\/www.newcomhorizons.com\/en\/wp-json\/wp\/v2\/types\/page"}],"author":[{"embeddable":true,"href":"https:\/\/www.newcomhorizons.com\/en\/wp-json\/wp\/v2\/users\/2"}],"replies":[{"embeddable":true,"href":"https:\/\/www.newcomhorizons.com\/en\/wp-json\/wp\/v2\/comments?post=7052"}],"version-history":[{"count":0,"href":"https:\/\/www.newcomhorizons.com\/en\/wp-json\/wp\/v2\/pages\/7052\/revisions"}],"wp:attachment":[{"href":"https:\/\/www.newcomhorizons.com\/en\/wp-json\/wp\/v2\/media?parent=7052"}],"curies":[{"name":"wp","href":"https:\/\/api.w.org\/{rel}","templated":true}]}}