{"id":7053,"date":"2021-03-04T03:26:47","date_gmt":"2021-03-04T02:26:47","guid":{"rendered":"https:\/\/www.newcomhorizons.com\/privacy-policy\/"},"modified":"2021-03-04T03:26:47","modified_gmt":"2021-03-04T02:26:47","slug":"privacy-policy","status":"publish","type":"page","link":"https:\/\/www.newcomhorizons.com\/en\/privacy-policy\/","title":{"rendered":"Privacy Policy"},"content":{"rendered":"<p>Newcom Horizons Consultores, S.L.U, garantiza a los usuarios que la p\u00e1gina web cumple con el Reglamento General de Protecci\u00f3n de Datos (UE) 2016\/679, con la Ley Org\u00e1nica 3\/2018, de 5 de diciembre, de Protecci\u00f3n de Datos Personales y garant\u00eda de los derechos digitales y dem\u00e1s normativa vigente que establece las medidas de seguridad exigidas destinadas a preservar el secreto, confidencialidad e integridad en el tratamiento de sus datos personales.<\/p>\n<p>Dichos datos personales ser\u00e1n utilizados en la forma y con las limitaciones y derechos que concede la protecci\u00f3n de datos de car\u00e1cter personal.<\/p>\n<p>La recogida y tratamiento de los datos personales solicitados tiene como finalidad la atenci\u00f3n al usuario, tanto administrativa como comercial. Newcom Horizons Consultores, S.L.U, se compromete a guardar la m\u00e1xima reserva, secreto y confidencialidad sobre la informaci\u00f3n de los datos personales que tiene a su disposici\u00f3n. Usted tiene derecho a obtener informaci\u00f3n sobre si en Newcom Horizons Consultores, S.L.U, estamos tratando sus datos personales y, por lo tanto, tiene derecho a acceder a los mismos, rectificar datos inexactos o solicitar su supresi\u00f3n cuando \u00e9stos ya no sean necesarios para los fines recogidos.<\/p>\n<p>A los efectos de la presente Pol\u00edtica de Privacidad, debe entenderse como \u201cUsuario\u201d a toda persona f\u00edsica interesada en los productos y servicios que Newcom Horizons Consultores, S.L.U., ofrece a trav\u00e9s de sus p\u00e1ginas webs, apps, redes sociales y otras plataformas online.<\/p>\n<p><strong>Responsable del tratamiento de sus datos<\/strong><\/p>\n<p>Newcom Horizons Consultores, S.L.U., como responsable del tratamiento, solicitar\u00e1, con car\u00e1cter previo a la aportaci\u00f3n de sus datos de car\u00e1cter personal, el consentimiento expreso del Usuario a la presente Pol\u00edtica de Privacidad, cuando as\u00ed sea necesario y a cualquier otro aspecto que requiera la previa autorizaci\u00f3n de este. El objetivo de la Pol\u00edtica de Privacidad de Newcom Horizons Consultores, S.L.U, es dar transparencia a la informaci\u00f3n de c\u00f3mo tratamos sus datos y proteger la informaci\u00f3n en Internet y los datos que el usuario pueda introducir en la web.<\/p>\n<p><strong>Finalidad del tratamiento de sus datos<\/strong><\/p>\n<p>En Newcom Horizons Consultores, S.L.U, tratamos la informaci\u00f3n que nos facilita con la finalidad de gestionar la relaci\u00f3n contractual que nos une, gestionar el env\u00edo de la informaci\u00f3n que nos solicita, facilitarle informaci\u00f3n sobre las ofertas de nuestros servicios y productos propios, as\u00ed como ofertas publicitarias sobre servicios o productos de terceros relacionados con nuestra \u00e1rea de actividad, de acuerdo con sus intereses.<\/p>\n<p>Estos servicios incluyen suscripciones a nuestros medios, registros en la Newsletter, asistencia a Eventos, colaboraciones, actividades y campa\u00f1as promocionales, comunicaciones comerciales y de informaci\u00f3n a trav\u00e9s de nuestros canales (email, tel\u00e9fono, etc.).<\/p>\n<p>Los datos recogidos en el formulario de alta y suscripci\u00f3n a nuestro bolet\u00edn de noticias y servicios ser\u00e1n incorporados a la empresa para la prestaci\u00f3n del servicio y mantenerle informado mediante la Newsletter. De acuerdo con el Reglamento (UE) 2016\/679 de Protecci\u00f3n de Datos de car\u00e1cter personal, Ley Org\u00e1nica 3\/2018, de 5 de diciembre, de Protecci\u00f3n de Datos Personales y garant\u00eda de los derechos digitales y dem\u00e1s normativa vigente, le informamos que los datos recogidos por Newcom Horizons Consultores, S.L.U, se usar\u00e1n con el \u00fanico prop\u00f3sito de incorporarlos a nuestro servicio informativo y usted podr\u00e1 ejercer los derechos que le asisten como usuario en Newcom Horizons Consultores, S.L.U.<\/p>\n<p>Asimismo, le informamos que sus datos forman parte de un fichero responsabilidad de Newcom Horizons Consultores, S.L.U, siendo tratados con la finalidad de dar servicio a la Newsletter en la que usted se ha registrado.<\/p>\n<p>Le comunicamos que puede ejercitar en su caso la baja de la suscripci\u00f3n dirigi\u00e9ndose al domicilio social de Newcom Horizons Consultores, S.L.U, a trav\u00e9s de mail: <a href=\"mailto:info@newcomhorizons.com\">info@newcomhorizons.com<\/a><\/p>\n<p><strong>Conservaci\u00f3n de sus datos personales<\/strong><\/p>\n<p>Sus datos ser\u00e1n conservados el tiempo m\u00ednimo necesario para la correcta prestaci\u00f3n del servicio ofrecido, as\u00ed como para atender las responsabilidades que se pudieran derivar del mismo y de cualquier otra exigencia legal.<\/p>\n<p><strong>Legitimaci\u00f3n para el tratamiento de sus datos<\/strong><\/p>\n<p>La base legal para el tratamiento de sus datos personales puede ser la ejecuci\u00f3n de una relaci\u00f3n contractual potencial y\/o suscrita, el inter\u00e9s leg\u00edtimo, la habilitaci\u00f3n legal y\/o el consentimiento del propio interesado. Los datos que le solicitamos son adecuados, pertinentes y estrictamente necesarios y en ning\u00fan caso est\u00e1 obligado a facilit\u00e1rnoslos, pero su no comunicaci\u00f3n podr\u00e1 afectar a la finalidad del servicio o la imposibilidad de prestarlo.<\/p>\n<p><strong>Destinatarios de la comunicaci\u00f3n de sus datos<\/strong><\/p>\n<p>Newcom Horizons Consultores, S.L.U., no comunicar\u00e1 sus datos a ning\u00fan tercero, salvo que se informe de ello expresamente.<\/p>\n<p><strong>Derechos que asisten al usuario<\/strong><\/p>\n<p>Los derechos de protecci\u00f3n de datos de los que son titulares los interesados son:<\/p>\n<ul>\n<li>Derecho a solicitar el acceso a los datos personales relativos al interesado<\/li>\n<li>Derecho de rectificaci\u00f3n o supresi\u00f3n<\/li>\n<li>Derecho de oposici\u00f3n<\/li>\n<li>Derecho a solicitar la limitaci\u00f3n de su tratamiento<\/li>\n<li>Derecho a la portabilidad de los datos<\/li>\n<li>Derecho a no ser objeto de decisiones individuales automatizadas<\/li>\n<\/ul>\n<p>Los titulares de los datos personales obtenidos podr\u00e1n ejercer sus derechos de protecci\u00f3n de datos personales dirigiendo una comunicaci\u00f3n por escrito al domicilio social de Newcom Horizons Consultores, S.L.U., o al correo electr\u00f3nico habilitado a tal efecto,\u00a0<a href=\"mailto:info@newcomhorizons.com\">info@newcomhorizons.com<\/a>\u00a0 incluyendo en ambos casos fotocopia de su DNI u otro documento de identificaci\u00f3n equivalente.<\/p>\n<p>Modelos, formularios y m\u00e1s informaci\u00f3n disponible sobre sus derechos en la p\u00e1gina web de la autoridad de control nacional, Agencia Espa\u00f1ola de Protecci\u00f3n de Datos, en adelante, AEPD, www.agpd.es.<\/p>\n<p><strong>Retirada del consentimiento<\/strong><\/p>\n<p>Usted tiene la posibilidad y el derecho a retirar el consentimiento para cualquiera finalidad espec\u00edfica otorgada en su momento, sin que ello afecte a la licitud del tratamiento basado en el consentimiento previo a su retirada.<\/p>\n<p><strong>Direcci\u00f3n para ejercer reclamaci\u00f3n sobre datos personales<\/strong><\/p>\n<p>Si alg\u00fan interesado considera que sus datos no son tratados correctamente por Newcom Horizons Consultores, S.L.U., puede dirigir sus reclamaciones a <a href=\"mailto:info@newcomhorizons.com\">info@newcomhorizons.com<\/a>\u00a0 o a la autoridad de protecci\u00f3n de datos que corresponda, siendo la AEPD la indicada en el territorio nacional, www.agpd.es.<\/p>\n<p><strong>Seguridad y actualizaci\u00f3n de sus datos personales<\/strong><\/p>\n<p>Con el objetivo de salvaguardar la seguridad de sus datos personales, le informamos que Newcom Horizons Consultores, S.L.U., ha adoptado todas las medidas de \u00edndole t\u00e9cnica y organizativa necesarias para garantizar la seguridad de los datos personales suministrados. Todo ello para evitar su alteraci\u00f3n, p\u00e9rdida, y\/o tratamientos o accesos no autorizados, tal como exige la normativa, si bien la seguridad absoluta no existe.<\/p>\n<p>Es importante que, para que podamos mantener sus datos personales actualizados, nos informe siempre que se produzca una modificaci\u00f3n de estos.<\/p>\n","protected":false},"excerpt":{"rendered":"<p>Newcom Horizons Consultores, S.L.U, garantiza a los usuarios que la p\u00e1gina web cumple con el Reglamento General de Protecci\u00f3n de Datos (UE) 2016\/679, con la Ley Org\u00e1nica 3\/2018, de 5 de diciembre, de Protecci\u00f3n de Datos Personales y garant\u00eda de los derechos digitales y dem\u00e1s&#8230;<\/p>\n","protected":false},"author":2,"featured_media":0,"parent":0,"menu_order":0,"comment_status":"closed","ping_status":"closed","template":"","meta":[],"yoast_head":"<!-- This site is optimized with the Yoast SEO plugin v18.6 - https:\/\/yoast.com\/wordpress\/plugins\/seo\/ -->\n<title>Privacy Policy - NewCom Horizons<\/title>\n<meta name=\"robots\" content=\"index, follow, max-snippet:-1, max-image-preview:large, max-video-preview:-1\" \/>\n<link rel=\"canonical\" href=\"https:\/\/www.newcomhorizons.com\/en\/privacy-policy\/\" \/>\n<meta property=\"og:locale\" content=\"en_US\" \/>\n<meta property=\"og:type\" content=\"article\" \/>\n<meta property=\"og:title\" content=\"Privacy Policy - NewCom Horizons\" \/>\n<meta property=\"og:description\" content=\"Newcom Horizons Consultores, S.L.U, garantiza a los usuarios que la p\u00e1gina web cumple con el Reglamento General de Protecci\u00f3n de Datos (UE) 2016\/679, con la Ley Org\u00e1nica 3\/2018, de 5 de diciembre, de Protecci\u00f3n de Datos Personales y garant\u00eda de los derechos digitales y dem\u00e1s...\" \/>\n<meta property=\"og:url\" content=\"https:\/\/www.newcomhorizons.com\/en\/privacy-policy\/\" \/>\n<meta property=\"og:site_name\" content=\"NewCom Horizons\" \/>\n<meta name=\"twitter:card\" content=\"summary_large_image\" \/>\n<meta name=\"twitter:label1\" content=\"Est. reading time\" \/>\n\t<meta name=\"twitter:data1\" content=\"6 minutes\" \/>\n<script type=\"application\/ld+json\" class=\"yoast-schema-graph\">{\"@context\":\"https:\/\/schema.org\",\"@graph\":[{\"@type\":\"WebSite\",\"@id\":\"https:\/\/www.newcomhorizons.com\/#website\",\"url\":\"https:\/\/www.newcomhorizons.com\/\",\"name\":\"NewCom Horizons\",\"description\":\"Together We Go Further\",\"potentialAction\":[{\"@type\":\"SearchAction\",\"target\":{\"@type\":\"EntryPoint\",\"urlTemplate\":\"https:\/\/www.newcomhorizons.com\/?s={search_term_string}\"},\"query-input\":\"required name=search_term_string\"}],\"inLanguage\":\"en-US\"},{\"@type\":\"WebPage\",\"@id\":\"https:\/\/www.newcomhorizons.com\/en\/privacy-policy\/#webpage\",\"url\":\"https:\/\/www.newcomhorizons.com\/en\/privacy-policy\/\",\"name\":\"Privacy Policy - NewCom Horizons\",\"isPartOf\":{\"@id\":\"https:\/\/www.newcomhorizons.com\/#website\"},\"datePublished\":\"2021-03-04T02:26:47+00:00\",\"dateModified\":\"2021-03-04T02:26:47+00:00\",\"breadcrumb\":{\"@id\":\"https:\/\/www.newcomhorizons.com\/en\/privacy-policy\/#breadcrumb\"},\"inLanguage\":\"en-US\",\"potentialAction\":[{\"@type\":\"ReadAction\",\"target\":[\"https:\/\/www.newcomhorizons.com\/en\/privacy-policy\/\"]}]},{\"@type\":\"BreadcrumbList\",\"@id\":\"https:\/\/www.newcomhorizons.com\/en\/privacy-policy\/#breadcrumb\",\"itemListElement\":[{\"@type\":\"ListItem\",\"position\":1,\"name\":\"Portada\",\"item\":\"https:\/\/www.newcomhorizons.com\/en\/\"},{\"@type\":\"ListItem\",\"position\":2,\"name\":\"Privacy Policy\"}]}]}<\/script>\n<!-- \/ Yoast SEO plugin. -->","yoast_head_json":{"title":"Privacy Policy - NewCom Horizons","robots":{"index":"index","follow":"follow","max-snippet":"max-snippet:-1","max-image-preview":"max-image-preview:large","max-video-preview":"max-video-preview:-1"},"canonical":"https:\/\/www.newcomhorizons.com\/en\/privacy-policy\/","og_locale":"en_US","og_type":"article","og_title":"Privacy Policy - NewCom Horizons","og_description":"Newcom Horizons Consultores, S.L.U, garantiza a los usuarios que la p\u00e1gina web cumple con el Reglamento General de Protecci\u00f3n de Datos (UE) 2016\/679, con la Ley Org\u00e1nica 3\/2018, de 5 de diciembre, de Protecci\u00f3n de Datos Personales y garant\u00eda de los derechos digitales y dem\u00e1s...","og_url":"https:\/\/www.newcomhorizons.com\/en\/privacy-policy\/","og_site_name":"NewCom Horizons","twitter_card":"summary_large_image","twitter_misc":{"Est. reading time":"6 minutes"},"schema":{"@context":"https:\/\/schema.org","@graph":[{"@type":"WebSite","@id":"https:\/\/www.newcomhorizons.com\/#website","url":"https:\/\/www.newcomhorizons.com\/","name":"NewCom Horizons","description":"Together We Go Further","potentialAction":[{"@type":"SearchAction","target":{"@type":"EntryPoint","urlTemplate":"https:\/\/www.newcomhorizons.com\/?s={search_term_string}"},"query-input":"required name=search_term_string"}],"inLanguage":"en-US"},{"@type":"WebPage","@id":"https:\/\/www.newcomhorizons.com\/en\/privacy-policy\/#webpage","url":"https:\/\/www.newcomhorizons.com\/en\/privacy-policy\/","name":"Privacy Policy - NewCom Horizons","isPartOf":{"@id":"https:\/\/www.newcomhorizons.com\/#website"},"datePublished":"2021-03-04T02:26:47+00:00","dateModified":"2021-03-04T02:26:47+00:00","breadcrumb":{"@id":"https:\/\/www.newcomhorizons.com\/en\/privacy-policy\/#breadcrumb"},"inLanguage":"en-US","potentialAction":[{"@type":"ReadAction","target":["https:\/\/www.newcomhorizons.com\/en\/privacy-policy\/"]}]},{"@type":"BreadcrumbList","@id":"https:\/\/www.newcomhorizons.com\/en\/privacy-policy\/#breadcrumb","itemListElement":[{"@type":"ListItem","position":1,"name":"Portada","item":"https:\/\/www.newcomhorizons.com\/en\/"},{"@type":"ListItem","position":2,"name":"Privacy Policy"}]}]}},"_links":{"self":[{"href":"https:\/\/www.newcomhorizons.com\/en\/wp-json\/wp\/v2\/pages\/7053"}],"collection":[{"href":"https:\/\/www.newcomhorizons.com\/en\/wp-json\/wp\/v2\/pages"}],"about":[{"href":"https:\/\/www.newcomhorizons.com\/en\/wp-json\/wp\/v2\/types\/page"}],"author":[{"embeddable":true,"href":"https:\/\/www.newcomhorizons.com\/en\/wp-json\/wp\/v2\/users\/2"}],"replies":[{"embeddable":true,"href":"https:\/\/www.newcomhorizons.com\/en\/wp-json\/wp\/v2\/comments?post=7053"}],"version-history":[{"count":0,"href":"https:\/\/www.newcomhorizons.com\/en\/wp-json\/wp\/v2\/pages\/7053\/revisions"}],"wp:attachment":[{"href":"https:\/\/www.newcomhorizons.com\/en\/wp-json\/wp\/v2\/media?parent=7053"}],"curies":[{"name":"wp","href":"https:\/\/api.w.org\/{rel}","templated":true}]}}