{"id":7054,"date":"2021-03-04T03:27:08","date_gmt":"2021-03-04T02:27:08","guid":{"rendered":"https:\/\/www.newcomhorizons.com\/terms-of-use\/"},"modified":"2021-03-04T03:27:08","modified_gmt":"2021-03-04T02:27:08","slug":"terms-of-use","status":"publish","type":"page","link":"https:\/\/www.newcomhorizons.com\/en\/terms-of-use\/","title":{"rendered":"Terms of Use"},"content":{"rendered":"<p>En cumplimiento de la Ley 34\/2002, de 11 de julio, de Servicios de la Sociedad de la Informaci\u00f3n y Comercio Electr\u00f3nico (LSSI-CE), Newcom Horizons Consultores, S.L.U., le informa que es titular del sitio web. De acuerdo con la exigencia del art. 10 de la citada Ley, informa de los siguientes datos:<\/p>\n<p>El titular del sitio web es Newcom Horizons Consultores, S.L.U con CIF B87709069 y domicilio social en Calle Alfonso XII, 46-6\u00ba, 28014 Madrid, inscrita en IRT Tomo: 35472, Folio: 119, Hoja: 637585. Si desea contactar con Newcom Horizons Consultores, S.L.U puede hacerlo a trav\u00e9s del n\u00famero (34) 608 60 16 47<\/p>\n<p><strong>USUARIOS<\/strong><\/p>\n<p>El acceso y\/o uso de este portal le atribuye la condici\u00f3n de USUARIO, que acepta, desde dicho acceso y\/o uso, las Condiciones Generales de Uso aqu\u00ed reflejadas. Las citadas Condiciones ser\u00e1n de aplicaci\u00f3n independientemente de las Condiciones Generales de Contrataci\u00f3n que en su caso resulten de obligado cumplimiento.<\/p>\n<p><strong>USO DEL PORTAL<\/strong><\/p>\n<p>La p\u00e1gina web proporciona el acceso a multitud de informaciones, servicios, programas o datos (en adelante, \u201clos contenidos\u201d) en Internet pertenecientes a Newcom Horizons Consultores, S.L.U., o a sus licenciantes a los que el Usuario pueda tener acceso. EL USUARIO asume la responsabilidad del uso del portal. Dicha responsabilidad se extiende al registro que fuese necesario para acceder a determinados servicios o contenidos.<\/p>\n<p>En dicho registro el USUARIO ser\u00e1 responsable de aportar informaci\u00f3n veraz y l\u00edcita. Como consecuencia de este registro, al USUARIO se le puede proporcionar una contrase\u00f1a de la que ser\u00e1 responsable, comprometi\u00e9ndose a hacer un uso diligente y confidencial de la misma. El USUARIO se compromete a hacer un uso adecuado de los contenidos y servicios que Newcom Horizons Consultores, S.L.U., ofrece a trav\u00e9s de su portal y con car\u00e1cter enunciativo y no limitativo a no emplearlos para:<\/p>\n<ol>\n<li>Incurrir en actividades il\u00edcitas, ilegales o contrarias a la buena fe y al orden p\u00fablico.<\/li>\n<li>Difundir contenidos o propaganda de car\u00e1cter racista, xen\u00f3fobo, pornogr\u00e1fico-ilegal, de apolog\u00eda del terrorismo o atentatorio contra los derechos humanos.<\/li>\n<li>Provocar da\u00f1os en los sistemas f\u00edsicos y l\u00f3gicos de Newcom Horizons Consultores, S.L.U., de sus proveedores o de terceras personas, introducir o difundir en la red virus inform\u00e1ticos o cualesquiera otros sistemas f\u00edsicos o l\u00f3gicos que sean susceptibles de provocar los da\u00f1os anteriormente mencionados<\/li>\n<li>Intentar acceder y, en su caso, utilizar las cuentas de correo electr\u00f3nico de otros usuarios y modificar manipular sus mensajes. Newcom Horizons Consultores, S.L.U., se reserva el derecho de retirar todos aquellos comentarios y aportaciones que vulneren el respeto a la dignidad de la persona, que sean discriminatorios, xen\u00f3fobos, racistas, pornogr\u00e1ficos, que atenten contra la juventud o la infancia, el orden o la seguridad p\u00fablica o que, a su juicio, no resultaran adecuados para su publicaci\u00f3n. En cualquier caso, Newcom Horizons Consultores, S.L.U., no ser\u00e1 responsable de las opiniones vertidas por los usuarios a trav\u00e9s de los foros, chats, u otras herramientas de participaci\u00f3n<\/li>\n<\/ol>\n<p><strong>PROPIEDAD INTELECTUAL E INDUSTRIAL<\/strong><\/p>\n<p>Newcom Horizons Consultores, S.L.U., ser\u00e1 titular de todos los derechos de propiedad intelectual e industrial de su p\u00e1gina web, as\u00ed como de los elementos contenidos en la misma (a t\u00edtulo enunciativo, im\u00e1genes, sonido, audio, v\u00eddeo, software o textos; marcas o logotipos, combinaciones de colores, estructura y dise\u00f1o, selecci\u00f3n de materiales usados, programas de ordenador necesarios para su funcionamiento, acceso y uso, etc.).<\/p>\n<p>Todos los derechos reservados. En virtud de lo dispuesto en los art\u00edculos 8 y 32.1, p\u00e1rrafo segundo, de la Ley de Propiedad Intelectual, quedan expresamente prohibidas la reproducci\u00f3n, la distribuci\u00f3n y la comunicaci\u00f3n p\u00fablica, incluida su modalidad de puesta a disposici\u00f3n, de la totalidad o parte de los contenidos de esta p\u00e1gina web, con fines comerciales, en cualquier soporte y por cualquier medio t\u00e9cnico, sin la autorizaci\u00f3n de Newcom Horizons Consultores, S.L.U., El USUARIO se compromete a respetar los derechos de Propiedad Intelectual e Industrial titularidad de Newcom Horizons Consultores, S.L.U., Podr\u00e1 visualizar los elementos del portal e incluso imprimirlos, copiarlos y almacenarlos en el disco duro de su ordenador o en cualquier otro soporte f\u00edsico siempre y cuando sea, \u00fanica y exclusivamente, para su uso personal y privado. El USUARIO deber\u00e1 abstenerse de suprimir, alterar, eludir o manipular cualquier dispositivo de protecci\u00f3n o sistema de seguridad que estuviera instalado en las p\u00e1ginas de Newcom Horizons Consultores, S.L.U.<\/p>\n<p><strong>EXCLUSI\u00d3N DE GARANT\u00cdAS Y RESPONSABILIDAD<\/strong><\/p>\n<p>Newcom Horizons Consultores, S.L.U., no se hace responsable, en ning\u00fan caso, de los da\u00f1os y perjuicios de cualquier naturaleza que pudieran ocasionar, a t\u00edtulo enunciativo: errores u omisiones en los contenidos, falta de disponibilidad del portal o la transmisi\u00f3n de virus o programas maliciosos o lesivos en los contenidos, a pesar de haber adoptado todas las medidas tecnol\u00f3gicas necesarias para evitarlo.<\/p>\n<p><strong>MODIFICACIONES<\/strong><\/p>\n<p>Newcom Horizons Consultores, S.L.U., se reserva el derecho de efectuar sin previo aviso las modificaciones que considere oportunas en su portal, pudiendo cambiar, suprimir o a\u00f1adir tanto los contenidos y servicios que se presten a trav\u00e9s de esta como la forma en la que \u00e9stos aparezcan presentados o localizados en su portal.<\/p>\n<p><strong>ENLACES<\/strong><\/p>\n<p>En el caso de que en la p\u00e1gina web se dispusiesen enlaces o hiperv\u00ednculos hac\u00eda otros sitios de Internet, Newcom Horizons Consultores, S.L.U., no ejercer\u00e1 ning\u00fan tipo de control sobre dichos sitios y contenidos. En ning\u00fan caso Newcom Horizons Consultores, S.L.U., asumir\u00e1 responsabilidad alguna por los contenidos de alg\u00fan enlace perteneciente a un sitio web ajeno, ni garantizar\u00e1 la disponibilidad t\u00e9cnica, calidad, fiabilidad, exactitud, amplitud, veracidad, validez y constitucionalidad de cualquier material o informaci\u00f3n contenida en ninguno de dichos hiperv\u00ednculos u otros sitios de Internet. Igualmente, la inclusi\u00f3n de estas conexiones externas no implicar\u00e1 ning\u00fan tipo de asociaci\u00f3n, fusi\u00f3n o participaci\u00f3n con las entidades conectadas.<\/p>\n<p><strong>DERECHO DE EXCLUSI\u00d3N<\/strong><\/p>\n<p>Newcom Horizons Consultores, S.L.U., se reserva el derecho a denegar o retirar el acceso a portal y\/o los servicios ofrecidos sin necesidad de preaviso, a instancia propia o de un tercero, a aquellos usuarios que incumplan las presentes Condiciones Generales de Uso.<\/p>\n<p><strong>GENERALIDADES<\/strong><\/p>\n<p>Newcom Horizons Consultores, S.L.U., perseguir\u00e1 el incumplimiento de las presentes condiciones, as\u00ed como cualquier utilizaci\u00f3n indebida de su portal ejerciendo todas las acciones civiles y penales que le puedan corresponder en derecho.<\/p>\n<p><strong>MODIFICACI\u00d3N DE LAS PRESENTES CONDICIONES Y DURACI\u00d3N<\/strong><\/p>\n<p>Newcom Horizons Consultores, S.L.U., podr\u00e1 modificar en cualquier momento las condiciones aqu\u00ed determinadas, siendo debidamente publicadas como aqu\u00ed aparecen. La vigencia de las citadas condiciones ir\u00e1 en funci\u00f3n de su exposici\u00f3n y estar\u00e1n vigentes hasta debidamente publicadas. que sean modificadas por otras.<\/p>\n<p><strong>LEGISLACI\u00d3N APLICABLE Y JURISDICCI\u00d3N<\/strong><\/p>\n<p>La relaci\u00f3n entre Newcom Horizons Consultores, S.L.U., y el USUARIO se regir\u00e1 por la normativa espa\u00f1ola vigente y cualquier controversia se someter\u00e1 a los Juzgados y tribunales de la ciudad anteriormente indicada.<\/p>\n<p>MENSAJE EN VENTANA EMERGENTE:<\/p>\n<p>Su privacidad es importante para Newcom Horizons<\/p>\n<p>Newcom Horizons almacena o accede a informaci\u00f3n en un dispositivo, tales como cookies, y procesa datos personales, tales como identificadores \u00fanicos e informaci\u00f3n est\u00e1ndar enviada por un dispositivo, para anuncios y contenido personalizados, medici\u00f3n de anuncios y del contenido e informaci\u00f3n sobre el p\u00fablico, as\u00ed como para desarrollar y mejorar productos.<\/p>\n<p>Con su permiso, Newcom Horizons puede utilizar datos de localizaci\u00f3n geogr\u00e1fica precisa e identificaci\u00f3n mediante las caracter\u00edsticas de dispositivos. Puede hacer clic para otorgarnos su consentimiento a Newcom Horizons para que lleve a cabo el procesamiento previamente descrito. De forma alternativa, puede acceder a informaci\u00f3n m\u00e1s detallada y cambiar sus preferencias antes de otorgar o negar su consentimiento. Tenga en cuenta que alg\u00fan procesamiento de sus datos personales puede no requerir de su consentimiento, pero usted tiene el derecho de rechazar tal procesamiento. Sus preferencias se aplicar\u00e1n solo a este sitio web. Puede cambiar sus preferencias en cualquier momento entrando de nuevo en este sitio web o visitando nuestra pol\u00edtica de privacidad.<\/p>\n<p>&nbsp;<\/p>\n","protected":false},"excerpt":{"rendered":"<p>En cumplimiento de la Ley 34\/2002, de 11 de julio, de Servicios de la Sociedad de la Informaci\u00f3n y Comercio Electr\u00f3nico (LSSI-CE), Newcom Horizons Consultores, S.L.U., le informa que es titular del sitio web. De acuerdo con la exigencia del art. 10 de la citada&#8230;<\/p>\n","protected":false},"author":2,"featured_media":0,"parent":0,"menu_order":0,"comment_status":"closed","ping_status":"closed","template":"","meta":[],"yoast_head":"<!-- This site is optimized with the Yoast SEO plugin v18.6 - https:\/\/yoast.com\/wordpress\/plugins\/seo\/ -->\n<title>Terms of Use - NewCom Horizons<\/title>\n<meta name=\"robots\" content=\"index, follow, max-snippet:-1, max-image-preview:large, max-video-preview:-1\" \/>\n<link rel=\"canonical\" href=\"https:\/\/www.newcomhorizons.com\/en\/terms-of-use\/\" \/>\n<meta property=\"og:locale\" content=\"en_US\" \/>\n<meta property=\"og:type\" content=\"article\" \/>\n<meta property=\"og:title\" content=\"Terms of Use - NewCom Horizons\" \/>\n<meta property=\"og:description\" content=\"En cumplimiento de la Ley 34\/2002, de 11 de julio, de Servicios de la Sociedad de la Informaci\u00f3n y Comercio Electr\u00f3nico (LSSI-CE), Newcom Horizons Consultores, S.L.U., le informa que es titular del sitio web. De acuerdo con la exigencia del art. 10 de la citada...\" \/>\n<meta property=\"og:url\" content=\"https:\/\/www.newcomhorizons.com\/en\/terms-of-use\/\" \/>\n<meta property=\"og:site_name\" content=\"NewCom Horizons\" \/>\n<meta name=\"twitter:card\" content=\"summary_large_image\" \/>\n<meta name=\"twitter:label1\" content=\"Est. reading time\" \/>\n\t<meta name=\"twitter:data1\" content=\"7 minutes\" \/>\n<script type=\"application\/ld+json\" class=\"yoast-schema-graph\">{\"@context\":\"https:\/\/schema.org\",\"@graph\":[{\"@type\":\"WebSite\",\"@id\":\"https:\/\/www.newcomhorizons.com\/#website\",\"url\":\"https:\/\/www.newcomhorizons.com\/\",\"name\":\"NewCom Horizons\",\"description\":\"Together We Go Further\",\"potentialAction\":[{\"@type\":\"SearchAction\",\"target\":{\"@type\":\"EntryPoint\",\"urlTemplate\":\"https:\/\/www.newcomhorizons.com\/?s={search_term_string}\"},\"query-input\":\"required name=search_term_string\"}],\"inLanguage\":\"en-US\"},{\"@type\":\"WebPage\",\"@id\":\"https:\/\/www.newcomhorizons.com\/en\/terms-of-use\/#webpage\",\"url\":\"https:\/\/www.newcomhorizons.com\/en\/terms-of-use\/\",\"name\":\"Terms of Use - NewCom Horizons\",\"isPartOf\":{\"@id\":\"https:\/\/www.newcomhorizons.com\/#website\"},\"datePublished\":\"2021-03-04T02:27:08+00:00\",\"dateModified\":\"2021-03-04T02:27:08+00:00\",\"breadcrumb\":{\"@id\":\"https:\/\/www.newcomhorizons.com\/en\/terms-of-use\/#breadcrumb\"},\"inLanguage\":\"en-US\",\"potentialAction\":[{\"@type\":\"ReadAction\",\"target\":[\"https:\/\/www.newcomhorizons.com\/en\/terms-of-use\/\"]}]},{\"@type\":\"BreadcrumbList\",\"@id\":\"https:\/\/www.newcomhorizons.com\/en\/terms-of-use\/#breadcrumb\",\"itemListElement\":[{\"@type\":\"ListItem\",\"position\":1,\"name\":\"Portada\",\"item\":\"https:\/\/www.newcomhorizons.com\/en\/\"},{\"@type\":\"ListItem\",\"position\":2,\"name\":\"Terms of Use\"}]}]}<\/script>\n<!-- \/ Yoast SEO plugin. -->","yoast_head_json":{"title":"Terms of Use - NewCom Horizons","robots":{"index":"index","follow":"follow","max-snippet":"max-snippet:-1","max-image-preview":"max-image-preview:large","max-video-preview":"max-video-preview:-1"},"canonical":"https:\/\/www.newcomhorizons.com\/en\/terms-of-use\/","og_locale":"en_US","og_type":"article","og_title":"Terms of Use - NewCom Horizons","og_description":"En cumplimiento de la Ley 34\/2002, de 11 de julio, de Servicios de la Sociedad de la Informaci\u00f3n y Comercio Electr\u00f3nico (LSSI-CE), Newcom Horizons Consultores, S.L.U., le informa que es titular del sitio web. De acuerdo con la exigencia del art. 10 de la citada...","og_url":"https:\/\/www.newcomhorizons.com\/en\/terms-of-use\/","og_site_name":"NewCom Horizons","twitter_card":"summary_large_image","twitter_misc":{"Est. reading time":"7 minutes"},"schema":{"@context":"https:\/\/schema.org","@graph":[{"@type":"WebSite","@id":"https:\/\/www.newcomhorizons.com\/#website","url":"https:\/\/www.newcomhorizons.com\/","name":"NewCom Horizons","description":"Together We Go Further","potentialAction":[{"@type":"SearchAction","target":{"@type":"EntryPoint","urlTemplate":"https:\/\/www.newcomhorizons.com\/?s={search_term_string}"},"query-input":"required name=search_term_string"}],"inLanguage":"en-US"},{"@type":"WebPage","@id":"https:\/\/www.newcomhorizons.com\/en\/terms-of-use\/#webpage","url":"https:\/\/www.newcomhorizons.com\/en\/terms-of-use\/","name":"Terms of Use - NewCom Horizons","isPartOf":{"@id":"https:\/\/www.newcomhorizons.com\/#website"},"datePublished":"2021-03-04T02:27:08+00:00","dateModified":"2021-03-04T02:27:08+00:00","breadcrumb":{"@id":"https:\/\/www.newcomhorizons.com\/en\/terms-of-use\/#breadcrumb"},"inLanguage":"en-US","potentialAction":[{"@type":"ReadAction","target":["https:\/\/www.newcomhorizons.com\/en\/terms-of-use\/"]}]},{"@type":"BreadcrumbList","@id":"https:\/\/www.newcomhorizons.com\/en\/terms-of-use\/#breadcrumb","itemListElement":[{"@type":"ListItem","position":1,"name":"Portada","item":"https:\/\/www.newcomhorizons.com\/en\/"},{"@type":"ListItem","position":2,"name":"Terms of Use"}]}]}},"_links":{"self":[{"href":"https:\/\/www.newcomhorizons.com\/en\/wp-json\/wp\/v2\/pages\/7054"}],"collection":[{"href":"https:\/\/www.newcomhorizons.com\/en\/wp-json\/wp\/v2\/pages"}],"about":[{"href":"https:\/\/www.newcomhorizons.com\/en\/wp-json\/wp\/v2\/types\/page"}],"author":[{"embeddable":true,"href":"https:\/\/www.newcomhorizons.com\/en\/wp-json\/wp\/v2\/users\/2"}],"replies":[{"embeddable":true,"href":"https:\/\/www.newcomhorizons.com\/en\/wp-json\/wp\/v2\/comments?post=7054"}],"version-history":[{"count":0,"href":"https:\/\/www.newcomhorizons.com\/en\/wp-json\/wp\/v2\/pages\/7054\/revisions"}],"wp:attachment":[{"href":"https:\/\/www.newcomhorizons.com\/en\/wp-json\/wp\/v2\/media?parent=7054"}],"curies":[{"name":"wp","href":"https:\/\/api.w.org\/{rel}","templated":true}]}}